{"id":10,"date":"2021-03-11T10:28:46","date_gmt":"2021-03-11T10:28:46","guid":{"rendered":"https:\/\/pokus.ffzg.unizg.hr\/?page_id=10"},"modified":"2023-06-28T12:10:45","modified_gmt":"2023-06-28T12:10:45","slug":"kontakt","status":"publish","type":"page","link":"https:\/\/pokus.ffzg.unizg.hr\/?page_id=10","title":{"rendered":"Kontakt"},"content":{"rendered":"\n<p>E-po\u0161ta: <a href=\"mailto: pokus@m.ffzg.hr\">pokus@m.ffzg.hr<\/a><\/p>\n\n\n\n<p>Twitter: <a href=\"https:\/\/twitter.com\/PoKUS_ffzg\">https:\/\/twitter.com\/PoKUS_ffzg<\/a><\/p>\n\n\n\n<div class=\"wp-block-columns is-layout-flex wp-container-core-columns-is-layout-9d6595d7 wp-block-columns-is-layout-flex\">\n<div class=\"wp-block-column is-layout-flow wp-block-column-is-layout-flow\" style=\"flex-basis:25%\">\n<p>Po\u0161ta: Lovro \u0160kopljanac<\/p>\n<\/div>\n\n\n\n<div class=\"wp-block-column is-layout-flow wp-block-column-is-layout-flow\" style=\"flex-basis:25%\">\n<p>Odsjek za komparativnu knji\u017eevnost<\/p>\n<\/div>\n\n\n\n<div class=\"wp-block-column is-layout-flow wp-block-column-is-layout-flow\" style=\"flex-basis:25%\">\n<p>Filozofski fakultet, Ivana Lu\u010di\u0107a 3<\/p>\n<\/div>\n\n\n\n<div class=\"wp-block-column is-layout-flow wp-block-column-is-layout-flow\" style=\"flex-basis:25%\">\n<p>10 000 Zagreb<\/p>\n<\/div>\n<\/div>\n\n\n\n<p>Ra\u010dunalnu simulaciju kratkoga razgovora mo\u017eete isprobati u balon\u010di\u0107u u donjem desnom kutu stranice. Ukoliko \u017eelite sudjelovati u stvarnome razgovoru u\u017eivo s istra\u017eiva\u010dima, javite nam se e-po\u0161tom i dogovorit \u0107emo se za termin Va\u0161ega razgovora.<\/p>\n","protected":false},"excerpt":{"rendered":"<p>E-po\u0161ta: pokus@m.ffzg.hr Twitter: https:\/\/twitter.com\/PoKUS_ffzg Po\u0161ta: Lovro \u0160kopljanac Odsjek za komparativnu knji\u017eevnost Filozofski fakultet, Ivana Lu\u010di\u0107a 3 10 000 Zagreb Ra\u010dunalnu simulaciju kratkoga razgovora mo\u017eete&#8230;<\/p>\n","protected":false},"author":1,"featured_media":0,"parent":0,"menu_order":0,"comment_status":"closed","ping_status":"closed","template":"","meta":{"footnotes":""},"class_list":["post-10","page","type-page","status-publish","hentry"],"_links":{"self":[{"href":"https:\/\/pokus.ffzg.unizg.hr\/index.php?rest_route=\/wp\/v2\/pages\/10","targetHints":{"allow":["GET"]}}],"collection":[{"href":"https:\/\/pokus.ffzg.unizg.hr\/index.php?rest_route=\/wp\/v2\/pages"}],"about":[{"href":"https:\/\/pokus.ffzg.unizg.hr\/index.php?rest_route=\/wp\/v2\/types\/page"}],"author":[{"embeddable":true,"href":"https:\/\/pokus.ffzg.unizg.hr\/index.php?rest_route=\/wp\/v2\/users\/1"}],"replies":[{"embeddable":true,"href":"https:\/\/pokus.ffzg.unizg.hr\/index.php?rest_route=%2Fwp%2Fv2%2Fcomments&post=10"}],"version-history":[{"count":9,"href":"https:\/\/pokus.ffzg.unizg.hr\/index.php?rest_route=\/wp\/v2\/pages\/10\/revisions"}],"predecessor-version":[{"id":294,"href":"https:\/\/pokus.ffzg.unizg.hr\/index.php?rest_route=\/wp\/v2\/pages\/10\/revisions\/294"}],"wp:attachment":[{"href":"https:\/\/pokus.ffzg.unizg.hr\/index.php?rest_route=%2Fwp%2Fv2%2Fmedia&parent=10"}],"curies":[{"name":"wp","href":"https:\/\/api.w.org\/{rel}","templated":true}]}}