{"id":20,"date":"2021-03-11T10:28:46","date_gmt":"2021-03-11T10:28:46","guid":{"rendered":"https:\/\/pokus.ffzg.unizg.hr\/?page_id=20"},"modified":"2026-02-19T07:27:10","modified_gmt":"2026-02-19T07:27:10","slug":"materijali","status":"publish","type":"page","link":"https:\/\/pokus.ffzg.unizg.hr\/?page_id=20","title":{"rendered":"Materijali"},"content":{"rendered":"\n<p><a href=\"https:\/\/zenodo.org\/records\/10785192\">PoKUS: Baza podataka (verzija s osnovnim podacima)<\/a><\/p>\n\n\n\n<p><a href=\"https:\/\/zenodo.org\/records\/10785517\">PoKUS: Cjelokupna baza podataka (ograni\u010den pristup)<\/a><\/p>\n\n\n\n<p><a href=\"https:\/\/pokus.ffzg.unizg.hr\/wp-content\/uploads\/2021\/12\/Misljenje-EP-Skopljanac.pdf\">Mi\u0161ljenje Eti\u010dkog povjerenstva<\/a><\/p>\n\n\n\n<p><a href=\"https:\/\/vimeo.com\/524253973\">Predstavljanje projekta za mlade istra\u017eiva\u010de<\/a><\/p>\n\n\n\n<p>Lovro \u0160kopljanac: <a href=\"https:\/\/pokus.ffzg.unizg.hr\/wp-content\/uploads\/2022\/01\/Izvjestaj.pdf\" data-type=\"URL\" data-id=\"https:\/\/pokus.ffzg.unizg.hr\/wp-content\/uploads\/2022\/01\/Izvjestaj.pdf\">Izvje\u0161taj o istra\u017eivanjima recepcije knji\u017eevnosti kod neprofesionalnih \u010ditatelja<\/a> (2021.)<\/p>\n\n\n\n<p>Luka Ostoji\u0107: <a href=\"https:\/\/hrcak.srce.hr\/clanak\/428783?fbclid=IwAR14MOM2tUYT2MnyyKA8HzFsgK0ix3s1P3xzfggJv6hbeAgI9xNJr4d7xCI\">Politika nastave knji\u017eevnosti na prijelazu iz SFR Jugoslavije u Republiku Hrvatsku<\/a> (izvorni znanstveni rad, <em>Metodi\u010dki ogledi<\/em>, Vol. 29 No. 2, 2022.)<\/p>\n\n\n\n<p><a href=\"https:\/\/sites.google.com\/view\/bez-uveza\/arhiva-brojeva\/god-2-br-3-2022\/%C5%A1to-vi-mislite-o-knji%C5%BEevnosti?authuser=0\">\u0160to vi mislite o knji\u017eevnosti?<\/a> (<em>Bez uveza<\/em>, bilten Zagreba\u010dkoga knji\u017eni\u010darskog dru\u0161tva, god. 2., br. 3, 2022.) <\/p>\n\n\n\n<p>Lovro \u0160kopljanac: <a href=\"https:\/\/hrcak.srce.hr\/file\/439731\">Tragovi knji\u017eevnih tekstova u transmed\u0133skom prostoru sje\u0107anja<\/a> (izvorni znanstveni rad, <em>Knji\u017eevna smotra<\/em>, temat &#8220;Medijski prostori&#8221;, Vol. 55 No. 207(1), 2023.)<\/p>\n\n\n\n<p>Velna Ron\u010devi\u0107: <a href=\"https:\/\/vimeo.com\/875557253\">Memories of the Future<\/a> (2023)<\/p>\n\n\n\n<p>Luka Ostoji\u0107: <a href=\"https:\/\/hrcak.srce.hr\/file\/451164\">&#8220;Nisi ubojica, ali gotovo ga mo\u017ee\u0161 razumjeti&#8221;: Prepoznavanje kod hrvatskih neprofesionalnih \u010ditatelja u romanu <em>Zlo\u010din i kazna<\/em><\/a> (prethodno priop\u0107enje, <em>Croatica et Slavica Iadertina<\/em>, temat &#8220;Tijelo, identitet i emocije u hrvatskom i slavenskim jezicima, knji\u017eevnostima i kulturama&#8221;, Vol. 19 No. 2, 2023.)<\/p>\n\n\n\n<p>Lovro \u0160kopljanac: <a href=\"https:\/\/rauli.cbs.dk\/index.php\/assc\/article\/view\/6857\"> What American Readers Remember: A Case Study<\/a> (izvorni znanstveni rad, <em>American Studies in Scandinavia<\/em>, 55(1), 44\u201369, 2023.)<\/p>\n\n\n\n<p>Alessio Antonini, Sam Brooker i Lovro \u0160kopljanac: <a href=\"https:\/\/www.cambridge.org\/core\/services\/aop-cambridge-core\/content\/view\/99772FA1A8815040BF399EE93CD062EC\/S2635023823000139a.pdf\/spontaneous-transmedia-co-location-integration-in-memory.pdf\">Spontaneous transmedia co-location: Integration in memory<\/a> (izvorni znanstveni rad, <em>Memory, Mind &amp; Media<\/em>, Vol. 3, 2024)<\/p>\n\n\n\n<p>Lovro \u0160kopljanac, Luka Ostoji\u0107 i Velna Ron\u010devi\u0107: <a href=\"https:\/\/openhumanitiesdata.metajnl.com\/articles\/10.5334\/johd.208\">Memories of Literature in Croatia<\/a> (<em>data paper<\/em>, <em>Journal of Open Humanities Data<\/em>, Vol. 10, 2024)<\/p>\n\n\n\n<p>Lovro \u0160kopljanac: <a href=\"https:\/\/najboljeknjige.com\/vijesti\/portret-pokusne-citateljice\">Portret pokusne \u010ditateljice<\/a> (popularni rad, Portal <em>Najbolje knjige<\/em>, 2024.)<\/p>\n\n\n\n<p>Lovro \u0160kopljanac: <a href=\"https:\/\/crosscultural-korean.ffst.hr\/index.php\/2025\/06\/11\/10-38003-ccsr-4-7-8-6\/\">\u201cMeni se to kod nas sve \u010dini kao, ovaj, \u017eabokre\u010dina\u201d \u2013 O pozicijama suvremenih hrvatskih \u010ditatelja<\/a> (izvorni znanstveni rad, <em>Cross-Cultural Studies Review<\/em>, temat &#8220;Margina kao ogledalo: identitet i autokolonijalni diskurzi Balkana&#8221;, Vol. 4 No. 7-6(1), 2021. [2025.])<\/p>\n\n\n\n<p>Luka Ostoji\u0107: <a href=\"https:\/\/openbooks.ffzg.unizg.hr\/index.php\/FFpress\/catalog\/view\/202\/332\/15047\">Utjecaj \u0161kolske lektire u Hrvatskoj na percepciju srpske knji\u017eevnosti<\/a> (izvorni znanstveni rad, <em>Knji\u017eevnost \/ knji\u017eevni rad Srba u Hrvatskoj: Zbornik radova s me\u0111unarodnog znanstvenog simpozija odr\u017eanog povodom 30. godi\u0161njice smrti Stanka Kora\u0107a<\/em>, 2025.)<\/p>\n\n\n\n<p>Velna Ron\u010devi\u0107: <a href=\"https:\/\/www.sciencedirect.com\/science\/article\/abs\/pii\/S0016328725002162\">Memories of the future: Literature as a source of the possible<\/a> (izvorni znanstveni rad, <em>Futures<\/em>, sv. 176, velja\u010da 2026., 103754)<\/p>\n\n\n\n<p>Lovro \u0160kopljanac: <a href=\"https:\/\/www.degruyterbrill.com\/document\/doi\/10.1515\/cat-2025-0027\/html\">\u201cThat Hit the Right Thing for all Time\u201d: Compelling Choices of Literary Texts<\/a> (izvorni znanstveni rad, <em>Culture as Text<\/em>, temat &#8220;Reading Cultures&#8221;, 28. sije\u010dnja 2026.)<\/p>\n\n\n\n<p>Lovro \u0160kopljanac: <a href=\"https:\/\/hrcak.srce.hr\/clanak\/496636\">Suvremeno \u010ditateljsko pam\u0107enje Marka Maruli\u0107a i starije hrvatske knji\u017eevnosti <\/a>(prethodno priop\u0107enje, <em>Rasprave Instituta za hrvatski jezik<\/em>, Vol. 52 No. 1, 2026.)<\/p>\n\n\n\n<p>Lovro \u0160kopljanac (uredio), Velna Ron\u010devi\u0107 i Luka Ostoji\u0107 (recenzirali): <a href=\"https:\/\/openbooks.ffzg.unizg.hr\/index.php\/FFpress\/catalog\/book\/210\">Proceedings of the Everyday Reading of Literature Symposium (PERLS)<\/a> (zbornik radova sa simpozija, 2026)<\/p>\n","protected":false},"excerpt":{"rendered":"<p>PoKUS: Baza podataka (verzija s osnovnim podacima) PoKUS: Cjelokupna baza podataka (ograni\u010den pristup) Mi\u0161ljenje Eti\u010dkog povjerenstva Predstavljanje projekta za mlade istra\u017eiva\u010de Lovro \u0160kopljanac: Izvje\u0161taj&#8230;<\/p>\n","protected":false},"author":1,"featured_media":0,"parent":0,"menu_order":0,"comment_status":"closed","ping_status":"closed","template":"","meta":{"footnotes":""},"class_list":["post-20","page","type-page","status-publish","hentry"],"_links":{"self":[{"href":"https:\/\/pokus.ffzg.unizg.hr\/index.php?rest_route=\/wp\/v2\/pages\/20","targetHints":{"allow":["GET"]}}],"collection":[{"href":"https:\/\/pokus.ffzg.unizg.hr\/index.php?rest_route=\/wp\/v2\/pages"}],"about":[{"href":"https:\/\/pokus.ffzg.unizg.hr\/index.php?rest_route=\/wp\/v2\/types\/page"}],"author":[{"embeddable":true,"href":"https:\/\/pokus.ffzg.unizg.hr\/index.php?rest_route=\/wp\/v2\/users\/1"}],"replies":[{"embeddable":true,"href":"https:\/\/pokus.ffzg.unizg.hr\/index.php?rest_route=%2Fwp%2Fv2%2Fcomments&post=20"}],"version-history":[{"count":32,"href":"https:\/\/pokus.ffzg.unizg.hr\/index.php?rest_route=\/wp\/v2\/pages\/20\/revisions"}],"predecessor-version":[{"id":692,"href":"https:\/\/pokus.ffzg.unizg.hr\/index.php?rest_route=\/wp\/v2\/pages\/20\/revisions\/692"}],"wp:attachment":[{"href":"https:\/\/pokus.ffzg.unizg.hr\/index.php?rest_route=%2Fwp%2Fv2%2Fmedia&parent=20"}],"curies":[{"name":"wp","href":"https:\/\/api.w.org\/{rel}","templated":true}]}}