{"id":6,"date":"2021-03-11T10:28:46","date_gmt":"2021-03-11T10:28:46","guid":{"rendered":"https:\/\/pokus.ffzg.unizg.hr\/?page_id=6"},"modified":"2026-03-13T09:35:03","modified_gmt":"2026-03-13T09:35:03","slug":"pocetna","status":"publish","type":"page","link":"https:\/\/pokus.ffzg.unizg.hr\/","title":{"rendered":"O projektu"},"content":{"rendered":"\n<p><em>Pam\u0107enje (o) knji\u017eevnosti u svakodnevici<\/em> (akronim: <em>PoKUS<\/em>) je uspostavni istra\u017eiva\u010dki projekt koji financira Hrvatska zaklada za znanost. Odvija se u sklopu Odsjeku za komparativnu knji\u017eevnost Filozofskoga fakulteta Sveu\u010dili\u0161ta u Zagrebu. Pokrenut je 1. o\u017eujka 2021. godine, a dovr\u0161en 28. velja\u010de 2026. godine.<\/p>\n\n\n\n<p>Kao i kod svakoga uspostavnog projekta Hrvatske zaklade za znanost, <em>PoKUS<\/em> je pokrenut s op\u0107im ciljem podupiranja &#8220;razvoja samostalnih istra\u017eiva\u010dkih karijera mladih znanstvenika u klju\u010dnoj fazi kad mogu osnovati novu istra\u017eiva\u010dku grupu koja \u0107e se baviti me\u0111unarodno kompetitivnim i\/ili nacionalno relevantnim znanstvenim temama&#8221; (iz poziva na natje\u010daj <em>UIP-2020-02<\/em>). Na projektu \u0107e stoga raditi tri istra\u017eiva\u010da u relativno ranim fazama akademskoga razvoja (docent, poslijedoktorand i doktorand).<\/p>\n\n\n\n<p>Specifi\u010dni cilj projekta je obuhvatno utvr\u0111ivanje i interpretiranje \u010dinjenica o pam\u0107enju knji\u017eevnosti u svakodnevici, poglavito usmjereno na neprofesionalne \u010ditatelje u Hrvatskoj. Metodolo\u0161ko polazi\u0161te istra\u017eivanja je provedba polustrukturiranih intervjua s ve\u0107im brojem sudionika (oko tisu\u0107u ispitanika iz razli\u010ditih dijelova RH). Na temelju tako nastale arhive sukladno interesima i kompetencijama \u010dlanova istra\u017eiva\u010dke grupe provode se analize razli\u010ditih aspekata \u010ditateljskih iskustava i tekstualnih transformacija u njihovim sje\u0107anjima.<\/p>\n\n\n\n<p>Analize \u0107e se provoditi u tri smjera, koji ujedno odgovaraju sekundarnim ciljevima projekta. Prvi smjer vodit \u0107e odre\u0111ivanju elemenata knji\u017eevnih tekstova koji se najbolje i naj\u010de\u0161\u0107e pamte, a sukladno tome i onih koji se najpotpunije i naj\u010de\u0161\u0107e zaboravljaju. Drugi \u0107e smjer voditi identifikaciji i opisu prisutnosti knji\u017eevnih tekstova u svakodnevnome \u017eivotu hrvatskih gra\u0111ana, a potencijalno i njihove primjene u neprofesionalnom kontekstu. Tre\u0107i smjer \u0107e voditi prou\u010davanju specifi\u010dnosti kolektivnoga pam\u0107enja knji\u017eevnosti na odabranim uzorcima.<\/p>\n\n\n\n<p>Predvi\u0111eni neposredni znanstveni doprinos projekta bila bi empirijska ovjera znanja o svakodnevnim \u010ditateljima knji\u017eevnosti, koja u dana\u0161njoj znanosti o knji\u017eevnosti ve\u0107im dijelom izostaje. Va\u017enost toga znanja prikladno se mo\u017ee iskazati parafrazom Tzvetana Todorova, koji u tekstu iz 1980. godine pi\u0161e kako nema toga o \u010demu unutar prou\u010davanja knji\u017eevnosti znamo manje od iskustva \u010ditanja, iako ono prethodi svemu \u0161to o knji\u017eevnosti uop\u0107e mo\u017eemo znati. <em>PoKUS<\/em> je stoga uz pomo\u0107 glasova hrvatskih \u010ditatelja &#8211; doslovno i metafori\u010dki &#8211; poku\u0161ao stvoriti konkretniju predod\u017ebu o 99% od ukupnoga broja knji\u017eevnih \u010ditatelja.<\/p>\n\n\n\n<p><\/p>\n\n\n\n<h2 class=\"wp-block-heading\">Zahvale<\/h2>\n\n\n\n<p>U na\u0161oj potrazi za ispitanicima i prostorom za intervjuiranje izuzetno su nam pomogle razne organizacije u svim dijelovima dr\u017eave. Ovim im putem izra\u017eavamo zahvalu na nesebi\u010dnoj i zna\u010dajnoj pomo\u0107i:<\/p>\n\n\n\n<p><strong>Zagreb<\/strong><\/p>\n\n\n\n<p>Knji\u017enice Grada Zagreba<br>Knji\u017eevni klub Booksa (Udruga Kulturtreger)<br>Udruga plesnih umjetnika Hrvatske<br>Hrvatsko \u010ditateljsko dru\u0161tvo<\/p>\n\n\n\n<p><strong>Velika Gorica<\/strong><\/p>\n\n\n\n<p>Knji\u017enica Velika Gorica<br>Dru\u0161tvo hrvatskih knji\u017eevnih prevodilaca<\/p>\n\n\n\n<p><strong>Split<\/strong><\/p>\n\n\n\n<p>Gradska knji\u017enica Marka Maruli\u0107a<br>Kreativni hub Prostor (Culture Hub Croatia)<br>Sveu\u010dili\u0161na knji\u017enica u Splitu<br>Kino klub Split<br>queerANarchive<\/p>\n\n\n\n<p><strong>Rijeka<\/strong><\/p>\n\n\n\n<p>Gradska knji\u017enica Rijeka<br>Filozofski Fakultet u Rijeci<br>Book Caffe \u201eDnevni boravak\u201d<br>SOS Rijeka<br>Ruta, Obrt za usluge<\/p>\n\n\n\n<p><strong>Zadar<\/strong><\/p>\n\n\n\n<p>Gradska knji\u017enica Zadar<br>Sveu\u010dili\u0161na knji\u017enica, Zadar<br>Odjel za informacijske znanosti, Sveu\u010dili\u0161te u Zadru<br>Autonomni kulturni centar Nigdjezemska<\/p>\n\n\n\n<p><strong>Osijek<\/strong><\/p>\n\n\n\n<p>Gradska i sveu\u010dili\u0161na knji\u017enica Osijek<br>Umjetni\u010dka organizacija Teatar to go<br>Filozofski fakultet Osijek<br>Kick, Journal of the English Students\u2019 Association \u201eGlotta\u201d<br>Akademija za umjetnost i kulturu u Osijeku<br>DKolektiv &#8211; organizacija za dru\u0161tveni razvoj<br>Udruga PLANTa\u017ea<br>Udruga Hrvatski autorski strip<\/p>\n\n\n\n<p><strong>Vara\u017edin<\/strong><\/p>\n\n\n\n<p>Gradska knji\u017enica i \u010ditaonica \u201eMetel O\u017eegovi\u0107&#8221; Vara\u017edin<br>Udruga Katapult<\/p>\n\n\n\n<p><strong>\u010cakovec<\/strong><\/p>\n\n\n\n<p>Knji\u017enica \u201eNikola Zrinski&#8221; \u010cakovec<br>Centar za mlade \u2013 CeZaM \u010cakovec<br>Kreativno edukativni centar Murai<\/p>\n\n\n\n<p><strong>Prelog<\/strong><\/p>\n\n\n\n<p>Knji\u017enica i \u010ditaonica Grada Preloga<\/p>\n\n\n\n<p><strong>Pula<\/strong><\/p>\n\n\n\n<p>Sveu\u010dili\u0161na knji\u017enica u Puli<br>Klub &amp; Knji\u017eara &#8211; Giardini 2<br>Dru\u0161tveni centar Rojc<br>Radio Rojc<br>Studentski zbor &#8211; Sveu\u010dili\u0161te Jurja Dobrile u Puli<br>Kino Katarina<br>Udruga Metamedij<br>Hrvatsko udru\u017eenje interdisciplinarnih umjetnika<\/p>\n\n\n\n<p><strong>Gospi\u0107<\/strong><\/p>\n\n\n\n<p>Samostalna narodna knji\u017enica Gospi\u0107<\/p>\n\n\n\n<p><strong>Oto\u010dac<\/strong><\/p>\n\n\n\n<p>Narodna knji\u017enica Oto\u010dac<br>Book cafe Paradiso<\/p>\n\n\n\n<p><strong>\u0160ibenik<\/strong><\/p>\n\n\n\n<p>Gradska knji\u017enica \u201eJuraj \u0160i\u017egori\u0107&#8221; \u0160ibenik<br>Hrvatsko novinarsko dru\u0161tvo &#8211; Ogranak u \u0160ibensko-kninskoj \u017eupaniji<br>Veleu\u010dili\u0161te u \u0160ibeniku<br>Radio \u0160ibenik<\/p>\n\n\n\n<p><strong>Vinkovci<\/strong><\/p>\n\n\n\n<p>Gradska knji\u017enica i \u010ditaonica Vinkovci<\/p>\n\n\n\n<p><strong>Vukovar<\/strong><\/p>\n\n\n\n<p>Gradska knji\u017enica Vukovar<\/p>\n\n\n\n<p><strong>Dubrovnik<\/strong><\/p>\n\n\n\n<p>Dubrova\u010dke knji\u017enice<\/p>\n\n\n\n<p><strong>Slavonski Brod<\/strong><\/p>\n\n\n\n<p>Gradska knji\u017enica Slavonski Brod<\/p>\n\n\n\n<p><strong>Karlovac<\/strong><\/p>\n\n\n\n<p>Gradska knji\u017enica \u201eIvan Goran Kova\u010di\u0107&#8221; Karlovac<\/p>\n","protected":false},"excerpt":{"rendered":"<p>Pam\u0107enje (o) knji\u017eevnosti u svakodnevici (akronim: PoKUS) je uspostavni istra\u017eiva\u010dki projekt koji financira Hrvatska zaklada za znanost. Odvija se u sklopu Odsjeku za komparativnu&#8230;<\/p>\n","protected":false},"author":1,"featured_media":0,"parent":0,"menu_order":0,"comment_status":"closed","ping_status":"closed","template":"","meta":{"footnotes":""},"class_list":["post-6","page","type-page","status-publish","hentry"],"_links":{"self":[{"href":"https:\/\/pokus.ffzg.unizg.hr\/index.php?rest_route=\/wp\/v2\/pages\/6","targetHints":{"allow":["GET"]}}],"collection":[{"href":"https:\/\/pokus.ffzg.unizg.hr\/index.php?rest_route=\/wp\/v2\/pages"}],"about":[{"href":"https:\/\/pokus.ffzg.unizg.hr\/index.php?rest_route=\/wp\/v2\/types\/page"}],"author":[{"embeddable":true,"href":"https:\/\/pokus.ffzg.unizg.hr\/index.php?rest_route=\/wp\/v2\/users\/1"}],"replies":[{"embeddable":true,"href":"https:\/\/pokus.ffzg.unizg.hr\/index.php?rest_route=%2Fwp%2Fv2%2Fcomments&post=6"}],"version-history":[{"count":13,"href":"https:\/\/pokus.ffzg.unizg.hr\/index.php?rest_route=\/wp\/v2\/pages\/6\/revisions"}],"predecessor-version":[{"id":697,"href":"https:\/\/pokus.ffzg.unizg.hr\/index.php?rest_route=\/wp\/v2\/pages\/6\/revisions\/697"}],"wp:attachment":[{"href":"https:\/\/pokus.ffzg.unizg.hr\/index.php?rest_route=%2Fwp%2Fv2%2Fmedia&parent=6"}],"curies":[{"name":"wp","href":"https:\/\/api.w.org\/{rel}","templated":true}]}}